{"id":3147,"date":"2026-03-16T09:55:34","date_gmt":"2026-03-16T09:55:34","guid":{"rendered":"https:\/\/www.scrappertool.com\/leads\/product\/2-bhk-interior-independent-home-design-and-execution-residential-hyderabad-500060-16-mar-2026\/"},"modified":"2026-03-16T09:55:34","modified_gmt":"2026-03-16T09:55:34","slug":"2-bhk-interior-independent-home-design-and-execution-residential-hyderabad-500060-16-mar-2026","status":"publish","type":"product","link":"https:\/\/www.scrappertool.com\/leads\/product\/2-bhk-interior-independent-home-design-and-execution-residential-hyderabad-500060-16-mar-2026\/","title":{"rendered":"2 BHK, Interior, Independent Home, Design and Execution, Residential, Hyderabad, 500060, 16 Mar 2026"},"content":{"rendered":"<table width=\"813\">\n<tr>\n<td><strong>Client Name:<\/strong> S\u00fcshm\u00eft\u00e4 S\u00ef\u00f1gh<\/td>\n<\/tr>\n<tr>\n<td><strong>Location:<\/strong> Hyderabad, Telangana, 500060<\/td>\n<\/tr>\n<tr>\n<td><strong>Project Type:<\/strong> Interior Design and Execution<\/td>\n<\/tr>\n<tr>\n<td><strong>Property Type:<\/strong> Independent Residential Home<\/td>\n<\/tr>\n<tr>\n<td><strong>Area:<\/strong> 2 BHK (up to 1500+ sq. ft.)<\/td>\n<\/tr>\n<tr>\n<td><strong>Requirements:<\/strong> Full home interiors focusing on comfort, practicality, ample storage, functional kitchen layout, and an appealing, cohesive design that enhances ease of use and maintenance.<\/td>\n<\/tr>\n<\/table>\n","protected":false},"excerpt":{"rendered":"<p>Complete interior design and execution for a 2 BHK independent home focused on comfort and functionality.<\/p>\n","protected":false},"featured_media":1868,"comment_status":"open","ping_status":"closed","template":"","meta":[],"product_brand":[],"product_cat":[16],"product_tag":[87,86,81,78,80,82],"class_list":{"0":"post-3147","1":"product","2":"type-product","3":"status-publish","4":"has-post-thumbnail","6":"product_cat-interior","7":"product_tag-2-bhk","8":"product_tag-design-and-execution","9":"product_tag-hyderabad","10":"product_tag-independent-home","11":"product_tag-residential","12":"product_tag-telangana","14":"first","15":"instock","16":"sale","17":"downloadable","18":"virtual","19":"purchasable","20":"product-type-simple"},"aioseo_notices":[],"_links":{"self":[{"href":"https:\/\/www.scrappertool.com\/leads\/wp-json\/wp\/v2\/product\/3147","targetHints":{"allow":["GET"]}}],"collection":[{"href":"https:\/\/www.scrappertool.com\/leads\/wp-json\/wp\/v2\/product"}],"about":[{"href":"https:\/\/www.scrappertool.com\/leads\/wp-json\/wp\/v2\/types\/product"}],"replies":[{"embeddable":true,"href":"https:\/\/www.scrappertool.com\/leads\/wp-json\/wp\/v2\/comments?post=3147"}],"wp:featuredmedia":[{"embeddable":true,"href":"https:\/\/www.scrappertool.com\/leads\/wp-json\/wp\/v2\/media\/1868"}],"wp:attachment":[{"href":"https:\/\/www.scrappertool.com\/leads\/wp-json\/wp\/v2\/media?parent=3147"}],"wp:term":[{"taxonomy":"product_brand","embeddable":true,"href":"https:\/\/www.scrappertool.com\/leads\/wp-json\/wp\/v2\/product_brand?post=3147"},{"taxonomy":"product_cat","embeddable":true,"href":"https:\/\/www.scrappertool.com\/leads\/wp-json\/wp\/v2\/product_cat?post=3147"},{"taxonomy":"product_tag","embeddable":true,"href":"https:\/\/www.scrappertool.com\/leads\/wp-json\/wp\/v2\/product_tag?post=3147"}],"curies":[{"name":"wp","href":"https:\/\/api.w.org\/{rel}","templated":true}]}}